{"id":5314,"date":"2021-03-22T14:45:49","date_gmt":"2021-03-22T14:45:49","guid":{"rendered":"https:\/\/sory.be\/contact\/"},"modified":"2021-07-20T07:34:44","modified_gmt":"2021-07-20T07:34:44","slug":"contact","status":"publish","type":"page","link":"https:\/\/sory.be\/nl\/contact\/","title":{"rendered":"Contact"},"content":{"rendered":"<p>[vc_row row_content_width=&#8221;grid&#8221;][vc_column width=&#8221;1\/2&#8243; offset=&#8221;vc_col-lg-6 vc_col-md-6&#8243; css=&#8221;.vc_custom_1622801024881{padding-right: 20px !important;}&#8221;][vc_column_text]Of u nu een offerte, aanvullende informatie of gewoon een vraag wilt stellen, ons team is er om u te helpen.[\/vc_column_text][vc_empty_space][vc_column_text el_class=&#8221;contact-us-info&#8221;]<\/p>\n<h4 style=\"margin: 0px; text-align: left;\">ONS ATELIER<\/h4>\n<p style=\"text-align: left;\">Chauss\u00e9e de Luingne, 316B &#8211; 7712 Herseaux (B)<\/p>\n<p style=\"text-align: left;\"><strong>Telefoon.\u00a0 <\/strong>+ 32 (0) 56 33 04 61<strong><br \/>\nFax.\u00a0\u00a0<\/strong>+32 (0) 56 84 60 01<strong><br \/>\n<strong>E-mail.\u00a0 <\/strong><\/strong>info@sory.be<\/p>\n<p>[\/vc_column_text][vc_empty_space][vc_column_text el_class=&#8221;contact-us-info&#8221;]<img loading=\"lazy\" class=\"alignnone wp-image-5\" src=\"https:\/\/sory.be\/wp-content\/uploads\/2021\/02\/Logo_Sory_Blanc.png\" alt=\"\" width=\"250\" height=\"261\" srcset=\"https:\/\/sory.be\/wp-content\/uploads\/2021\/02\/Logo_Sory_Blanc.png 555w, https:\/\/sory.be\/wp-content\/uploads\/2021\/02\/Logo_Sory_Blanc-287x300.png 287w\" sizes=\"(max-width: 250px) 100vw, 250px\" \/>[\/vc_column_text][vc_empty_space][\/vc_column][vc_column width=&#8221;1\/2&#8243; offset=&#8221;vc_col-lg-6 vc_col-md-6&#8243;]<div role=\"form\" class=\"wpcf7\" id=\"wpcf7-f5316-o1\" lang=\"nl-NL\" dir=\"ltr\">\n<div class=\"screen-reader-response\"><p role=\"status\" aria-live=\"polite\" aria-atomic=\"true\"><\/p> <ul><\/ul><\/div>\n<form action=\"\/nl\/wp-json\/wp\/v2\/pages\/5314#wpcf7-f5316-o1\" method=\"post\" class=\"wpcf7-form init\" novalidate=\"novalidate\" data-status=\"init\">\n<div style=\"display: none;\">\n<input type=\"hidden\" name=\"_wpcf7\" value=\"5316\" \/>\n<input type=\"hidden\" name=\"_wpcf7_version\" value=\"5.4.2\" \/>\n<input type=\"hidden\" name=\"_wpcf7_locale\" value=\"nl_NL\" \/>\n<input type=\"hidden\" name=\"_wpcf7_unit_tag\" value=\"wpcf7-f5316-o1\" \/>\n<input type=\"hidden\" name=\"_wpcf7_container_post\" value=\"0\" \/>\n<input type=\"hidden\" name=\"_wpcf7_posted_data_hash\" value=\"\" \/>\n<input type=\"hidden\" name=\"_wpcf7_recaptcha_response\" value=\"\" \/>\n<\/div>\n<div class=\"mkdf-cf-custom-style\">\n<p><span class=\"wpcf7-form-control-wrap nom\"><input type=\"text\" name=\"nom\" value=\"\" size=\"40\" class=\"wpcf7-form-control wpcf7-text wpcf7-validates-as-required\" aria-required=\"true\" aria-invalid=\"false\" placeholder=\"Votre nom\" \/><\/span><\/p>\n<p><span class=\"wpcf7-form-control-wrap email\"><input type=\"email\" name=\"email\" value=\"\" size=\"40\" class=\"wpcf7-form-control wpcf7-text wpcf7-email wpcf7-validates-as-required wpcf7-validates-as-email\" aria-required=\"true\" aria-invalid=\"false\" placeholder=\"Votre e-mail\" \/><\/span><\/p>\n<p><span class=\"wpcf7-form-control-wrap tel\"><input type=\"tel\" name=\"tel\" value=\"\" size=\"40\" class=\"wpcf7-form-control wpcf7-text wpcf7-tel wpcf7-validates-as-tel\" aria-invalid=\"false\" placeholder=\"Votre t\u00e9l\u00e9phone\" \/><\/span><\/p>\n<p><span class=\"wpcf7-form-control-wrap message\"><textarea name=\"message\" cols=\"40\" rows=\"6\" class=\"wpcf7-form-control wpcf7-textarea\" aria-invalid=\"false\" placeholder=\"Votre message...\"><\/textarea><\/span><\/p>\n<p><span class=\"wpcf7-form-control-wrap consentement\"><span class=\"wpcf7-form-control wpcf7-acceptance\"><span class=\"wpcf7-list-item\"><label><input type=\"checkbox\" name=\"consentement\" value=\"1\" aria-invalid=\"false\" \/><span class=\"wpcf7-list-item-label\">En cochant cette case et en soumettant ce formulaire, j'accepte que mes donn\u00e9es personnelles soient utilis\u00e9es dans le cadre de ma demande et je confirme avoir pris connaissance de la politique de confidentialit\u00e9.<\/span><\/label><\/span><\/span><\/span><br \/>\n<br><\/p>\n<div class=\"mkdf-cf-custom-style-btn\"><button type=\"submit\" class=\"mkdf-btn mkdf-btn-simple\">Envoyer<\/button><\/div>\n<\/div>\n<div class=\"wpcf7-response-output\" aria-hidden=\"true\"><\/div><\/form><\/div>[\/vc_column][\/vc_row][vc_row content_placement=&#8221;middle&#8221; row_content_width=&#8221;grid&#8221; content_text_aligment=&#8221;center&#8221; css=&#8221;.vc_custom_1622800787043{margin-top: 50px !important;}&#8221;][vc_column][vc_raw_html]JTNDaWZyYW1lJTIwc3JjJTNEJTIyaHR0cHMlM0ElMkYlMkZ3d3cuZ29vZ2xlLmNvbSUyRm1hcHMlMkZlbWJlZCUzRnBiJTNEJTIxMW0xNCUyMTFtOCUyMTFtMyUyMTFkMjAyMDYuNDUxMjgxNDQ4NyUyMTJkMy4yNTM2MDMwNDYxODUzMTYlMjEzZDUwLjcyMzUzMDU4NDQ3ODA4JTIxM20yJTIxMWkxMDI0JTIxMmk3NjglMjE0ZjEzLjElMjEzbTMlMjExbTIlMjExczB4MCUyNTNBMHhjYTAwNTJlZTYyZDM3ZGI1JTIxMnNTT1JZJTI1MjAtJTI1MjBNZW51aXNlcmllJTI1MjAlMjUyRiUyNTIwU2NocmlqbndlcmtlbiUyMTVlMCUyMTNtMiUyMTFzZnIlMjEyc2JlJTIxNHYxNjIyNzk1MDI3MTMxJTIxNW0yJTIxMXNmciUyMTJzYmUlMjIlMjB3aWR0aCUzRCUyMjEwMCUyNSUyMiUyMGhlaWdodCUzRCUyMjQwMCUyMiUyMHN0eWxlJTNEJTIyYm9yZGVyJTNBMCUzQiUyMiUyMGFsbG93ZnVsbHNjcmVlbiUzRCUyMiUyMiUyMGxvYWRpbmclM0QlMjJsYXp5JTIyJTNFJTNDJTJGaWZyYW1lJTNF[\/vc_raw_html][\/vc_column][\/vc_row]<\/p>\n","protected":false},"excerpt":{"rendered":"<p>[vc_row row_content_width=&#8221;grid&#8221;][vc_column width=&#8221;1\/2&#8243; offset=&#8221;vc_col-lg-6 vc_col-md-6&#8243; css=&#8221;.vc_custom_1622801024881{padding-right: 20px !important;}&#8221;][vc_column_text]Of u nu een offerte, aanvullende informatie of gewoon een vraag wilt stellen, ons team is er om u te helpen.[\/vc_column_text][vc_empty_space][vc_column_text el_class=&#8221;contact-us-info&#8221;] ONS ATELIER Chauss\u00e9e de Luingne, 316B &#8211; 7712 Herseaux (B) Telefoon.\u00a0 + 32 (0) 56 33 04 61 Fax.\u00a0\u00a0+32 (0) 56 [&hellip;]<\/p>\n","protected":false},"author":4,"featured_media":0,"parent":0,"menu_order":0,"comment_status":"closed","ping_status":"closed","template":"full-width.php","meta":[],"yoast_head":"<!-- This site is optimized with the Yoast SEO plugin v16.8 - https:\/\/yoast.com\/wordpress\/plugins\/seo\/ -->\n<title>Contact - SORY - Menuiserie<\/title>\n<meta name=\"robots\" content=\"index, follow, max-snippet:-1, max-image-preview:large, max-video-preview:-1\" \/>\n<link rel=\"canonical\" href=\"https:\/\/sory.be\/nl\/contact\/\" \/>\n<meta property=\"og:locale\" content=\"nl_NL\" \/>\n<meta property=\"og:type\" content=\"article\" \/>\n<meta property=\"og:title\" content=\"Contact - SORY - Menuiserie\" \/>\n<meta property=\"og:description\" content=\"[vc_row row_content_width=&#8221;grid&#8221;][vc_column width=&#8221;1\/2&#8243; offset=&#8221;vc_col-lg-6 vc_col-md-6&#8243; css=&#8221;.vc_custom_1622801024881{padding-right: 20px !important;}&#8221;][vc_column_text]Of u nu een offerte, aanvullende informatie of gewoon een vraag wilt stellen, ons team is er om u te helpen.[\/vc_column_text][vc_empty_space][vc_column_text el_class=&#8221;contact-us-info&#8221;] ONS ATELIER Chauss\u00e9e de Luingne, 316B &#8211; 7712 Herseaux (B) Telefoon.\u00a0 + 32 (0) 56 33 04 61 Fax.\u00a0\u00a0+32 (0) 56 [&hellip;]\" \/>\n<meta property=\"og:url\" content=\"https:\/\/sory.be\/nl\/contact\/\" \/>\n<meta property=\"og:site_name\" content=\"SORY - Menuiserie\" \/>\n<meta property=\"article:modified_time\" content=\"2021-07-20T07:34:44+00:00\" \/>\n<meta property=\"og:image\" content=\"https:\/\/sory.be\/wp-content\/uploads\/2021\/02\/Logo_Sory_Blanc.png\" \/>\n<meta name=\"twitter:card\" content=\"summary_large_image\" \/>\n<meta name=\"twitter:label1\" content=\"Geschatte leestijd\" \/>\n\t<meta name=\"twitter:data1\" content=\"1 minuut\" \/>\n<script type=\"application\/ld+json\" class=\"yoast-schema-graph\">{\"@context\":\"https:\/\/schema.org\",\"@graph\":[{\"@type\":\"WebSite\",\"@id\":\"https:\/\/sory.be\/nl\/#website\",\"url\":\"https:\/\/sory.be\/nl\/\",\"name\":\"SORY - Menuiserie\",\"description\":\"\",\"potentialAction\":[{\"@type\":\"SearchAction\",\"target\":{\"@type\":\"EntryPoint\",\"urlTemplate\":\"https:\/\/sory.be\/nl\/?s={search_term_string}\"},\"query-input\":\"required name=search_term_string\"}],\"inLanguage\":\"nl\"},{\"@type\":\"ImageObject\",\"@id\":\"https:\/\/sory.be\/nl\/contact\/#primaryimage\",\"inLanguage\":\"nl\",\"url\":\"https:\/\/sory.be\/wp-content\/uploads\/2021\/02\/Logo_Sory_Blanc.png\",\"contentUrl\":\"https:\/\/sory.be\/wp-content\/uploads\/2021\/02\/Logo_Sory_Blanc.png\",\"width\":555,\"height\":581},{\"@type\":\"WebPage\",\"@id\":\"https:\/\/sory.be\/nl\/contact\/#webpage\",\"url\":\"https:\/\/sory.be\/nl\/contact\/\",\"name\":\"Contact - SORY - Menuiserie\",\"isPartOf\":{\"@id\":\"https:\/\/sory.be\/nl\/#website\"},\"primaryImageOfPage\":{\"@id\":\"https:\/\/sory.be\/nl\/contact\/#primaryimage\"},\"datePublished\":\"2021-03-22T14:45:49+00:00\",\"dateModified\":\"2021-07-20T07:34:44+00:00\",\"breadcrumb\":{\"@id\":\"https:\/\/sory.be\/nl\/contact\/#breadcrumb\"},\"inLanguage\":\"nl\",\"potentialAction\":[{\"@type\":\"ReadAction\",\"target\":[\"https:\/\/sory.be\/nl\/contact\/\"]}]},{\"@type\":\"BreadcrumbList\",\"@id\":\"https:\/\/sory.be\/nl\/contact\/#breadcrumb\",\"itemListElement\":[{\"@type\":\"ListItem\",\"position\":1,\"name\":\"Accueil\",\"item\":\"https:\/\/sory.be\/nl\/\"},{\"@type\":\"ListItem\",\"position\":2,\"name\":\"Contact\"}]}]}<\/script>\n<!-- \/ Yoast SEO plugin. -->","yoast_head_json":{"title":"Contact - SORY - Menuiserie","robots":{"index":"index","follow":"follow","max-snippet":"max-snippet:-1","max-image-preview":"max-image-preview:large","max-video-preview":"max-video-preview:-1"},"canonical":"https:\/\/sory.be\/nl\/contact\/","og_locale":"nl_NL","og_type":"article","og_title":"Contact - SORY - Menuiserie","og_description":"[vc_row row_content_width=&#8221;grid&#8221;][vc_column width=&#8221;1\/2&#8243; offset=&#8221;vc_col-lg-6 vc_col-md-6&#8243; css=&#8221;.vc_custom_1622801024881{padding-right: 20px !important;}&#8221;][vc_column_text]Of u nu een offerte, aanvullende informatie of gewoon een vraag wilt stellen, ons team is er om u te helpen.[\/vc_column_text][vc_empty_space][vc_column_text el_class=&#8221;contact-us-info&#8221;] ONS ATELIER Chauss\u00e9e de Luingne, 316B &#8211; 7712 Herseaux (B) Telefoon.\u00a0 + 32 (0) 56 33 04 61 Fax.\u00a0\u00a0+32 (0) 56 [&hellip;]","og_url":"https:\/\/sory.be\/nl\/contact\/","og_site_name":"SORY - Menuiserie","article_modified_time":"2021-07-20T07:34:44+00:00","og_image":[{"url":"https:\/\/sory.be\/wp-content\/uploads\/2021\/02\/Logo_Sory_Blanc.png"}],"twitter_card":"summary_large_image","twitter_misc":{"Geschatte leestijd":"1 minuut"},"schema":{"@context":"https:\/\/schema.org","@graph":[{"@type":"WebSite","@id":"https:\/\/sory.be\/nl\/#website","url":"https:\/\/sory.be\/nl\/","name":"SORY - Menuiserie","description":"","potentialAction":[{"@type":"SearchAction","target":{"@type":"EntryPoint","urlTemplate":"https:\/\/sory.be\/nl\/?s={search_term_string}"},"query-input":"required name=search_term_string"}],"inLanguage":"nl"},{"@type":"ImageObject","@id":"https:\/\/sory.be\/nl\/contact\/#primaryimage","inLanguage":"nl","url":"https:\/\/sory.be\/wp-content\/uploads\/2021\/02\/Logo_Sory_Blanc.png","contentUrl":"https:\/\/sory.be\/wp-content\/uploads\/2021\/02\/Logo_Sory_Blanc.png","width":555,"height":581},{"@type":"WebPage","@id":"https:\/\/sory.be\/nl\/contact\/#webpage","url":"https:\/\/sory.be\/nl\/contact\/","name":"Contact - SORY - Menuiserie","isPartOf":{"@id":"https:\/\/sory.be\/nl\/#website"},"primaryImageOfPage":{"@id":"https:\/\/sory.be\/nl\/contact\/#primaryimage"},"datePublished":"2021-03-22T14:45:49+00:00","dateModified":"2021-07-20T07:34:44+00:00","breadcrumb":{"@id":"https:\/\/sory.be\/nl\/contact\/#breadcrumb"},"inLanguage":"nl","potentialAction":[{"@type":"ReadAction","target":["https:\/\/sory.be\/nl\/contact\/"]}]},{"@type":"BreadcrumbList","@id":"https:\/\/sory.be\/nl\/contact\/#breadcrumb","itemListElement":[{"@type":"ListItem","position":1,"name":"Accueil","item":"https:\/\/sory.be\/nl\/"},{"@type":"ListItem","position":2,"name":"Contact"}]}]}},"_links":{"self":[{"href":"https:\/\/sory.be\/nl\/wp-json\/wp\/v2\/pages\/5314"}],"collection":[{"href":"https:\/\/sory.be\/nl\/wp-json\/wp\/v2\/pages"}],"about":[{"href":"https:\/\/sory.be\/nl\/wp-json\/wp\/v2\/types\/page"}],"author":[{"embeddable":true,"href":"https:\/\/sory.be\/nl\/wp-json\/wp\/v2\/users\/4"}],"replies":[{"embeddable":true,"href":"https:\/\/sory.be\/nl\/wp-json\/wp\/v2\/comments?post=5314"}],"version-history":[{"count":1,"href":"https:\/\/sory.be\/nl\/wp-json\/wp\/v2\/pages\/5314\/revisions"}],"predecessor-version":[{"id":5317,"href":"https:\/\/sory.be\/nl\/wp-json\/wp\/v2\/pages\/5314\/revisions\/5317"}],"wp:attachment":[{"href":"https:\/\/sory.be\/nl\/wp-json\/wp\/v2\/media?parent=5314"}],"curies":[{"name":"wp","href":"https:\/\/api.w.org\/{rel}","templated":true}]}}